{"id":171,"date":"2021-12-11T14:57:32","date_gmt":"2021-12-11T13:57:32","guid":{"rendered":"http:\/\/agnesl.fr\/meditation\/?page_id=171"},"modified":"2022-02-22T19:14:14","modified_gmt":"2022-02-22T18:14:14","slug":"programme-online","status":"publish","type":"page","link":"https:\/\/agnesl.fr\/meditation\/programmes-en-ligne\/programme-online\/","title":{"rendered":"8 semaines pour la vie ! En Ligne"},"content":{"rendered":"\n<div class=\"wp-block-image\"><figure class=\"aligncenter size-full\"><img fetchpriority=\"high\" decoding=\"async\" width=\"640\" height=\"480\" src=\"https:\/\/agnesl.fr\/meditation\/wp-content\/uploads\/2022\/01\/image3-1.jpeg\" alt=\"\" class=\"wp-image-1055\" srcset=\"https:\/\/agnesl.fr\/meditation\/wp-content\/uploads\/2022\/01\/image3-1.jpeg 640w, https:\/\/agnesl.fr\/meditation\/wp-content\/uploads\/2022\/01\/image3-1-300x225.jpeg 300w, https:\/\/agnesl.fr\/meditation\/wp-content\/uploads\/2022\/01\/image3-1-80x60.jpeg 80w, https:\/\/agnesl.fr\/meditation\/wp-content\/uploads\/2022\/01\/image3-1-390x293.jpeg 390w, https:\/\/agnesl.fr\/meditation\/wp-content\/uploads\/2022\/01\/image3-1-367x275.jpeg 367w, https:\/\/agnesl.fr\/meditation\/wp-content\/uploads\/2022\/01\/image3-1-456x342.jpeg 456w, https:\/\/agnesl.fr\/meditation\/wp-content\/uploads\/2022\/01\/image3-1-600x450.jpeg 600w\" sizes=\"(max-width: 640px) 100vw, 640px\" \/><figcaption><em><span class=\"has-inline-color has-cyan-bluish-gray-color\"><sup><strong>\u201cL\u2019illumination ce n\u2019est pas d\u2019aller vers la lumi\u00e8re mais d\u2019amener la lumi\u00e8re l\u00e0 o\u00f9 elle n\u2019est pas.\u201d&nbsp;<\/strong><br>Carl Yung<\/sup><\/span><\/em><\/figcaption><\/figure><\/div>\n\n\n\n<div class=\"wp-block-group\"><div class=\"wp-block-group__inner-container is-layout-flow wp-block-group-is-layout-flow\">\n<p class=\"has-normal-font-size\">Ce programme s\u2019adresse aux personnes qui souhaitent suivre le programme avec d\u2019autres ou en s\u00e9ances individuelles, mais ne peuvent y participer en pr\u00e9sentiel, quelles qu&#8217; en soient les raisons. <br>L\u2019int\u00e9gralit\u00e9 du programme se d\u00e9roule donc en ligne et en direct. <br>Les participant(e)s\u00a0\u00e9changent avec l\u2019instructeur et  peuvent \u00e9galement \u00e9changer les uns avec les autres. <br>Suite \u00e0 un entretien le programme est \u00e9labor\u00e9 et d\u00e9taill\u00e9.<\/p>\n<\/div><\/div>\n\n\n\n<div class=\"wp-block-group\"><div class=\"wp-block-group__inner-container is-layout-flow wp-block-group-is-layout-flow\">\n<p class=\"has-normal-font-size\">L&#8217; outil utilis\u00e9 est Zoom, gratuit, simple d&#8217;utilisation, sans abonnement, et prot\u00e9geant les donn\u00e9es personnelles. Un ordinateur, une webcam et une connexion sont n\u00e9cessaires. (d\u00e9tails plus bas)<\/p>\n<\/div><\/div>\n\n\n\n<p>Le programme En ligne sur huit semaines se compose de&nbsp;:&nbsp; &nbsp; &nbsp;<\/p>\n\n\n\n<div class=\"wp-block-group\"><div class=\"wp-block-group__inner-container is-layout-flow wp-block-group-is-layout-flow\">\n<p class=\"has-normal-font-size\">\u2022 Enseignement formel de la m\u00e9ditation de pleine conscience<br>\u2022 Instructions guid\u00e9es de m\u00e9ditation de pleine conscience<br>\u2022 Exercices de yoga en pleine conscience<br>\u2022 Echanges et exercices en groupe<br>\u2022 Ressources et supports de formation accessibles en ligne <\/p>\n<\/div><\/div>\n\n\n\n<p>Le programme En ligne sur  huit semaines se d\u00e9roule ainsi :<\/p>\n\n\n\n<p class=\"has-normal-font-size\">\u2022&nbsp;Une s\u00e9ance d\u2019information en ligne + un entretien individuel par t\u00e9l\u00e9phone<br>\u2022&nbsp;Huit s\u00e9ances hebdomadaires de 2h30 en ligne<br>\u2022&nbsp;Une journ\u00e9e en pleine conscience (environ 7h) en ligne<br>\u2022&nbsp;La pratique quotidienne \u00e0 faire chez soi de 45 minutes<\/p>\n\n\n\n<div class=\"wp-block-buttons is-layout-flex wp-block-buttons-is-layout-flex\"><\/div>\n\n\n\n<div class=\"wp-block-buttons is-horizontal is-content-justification-center is-layout-flex wp-container-core-buttons-is-layout-2 wp-block-buttons-is-layout-flex\">\n<div class=\"wp-block-button has-custom-width wp-block-button__width-50 has-custom-font-size is-style-fill\" style=\"font-size:14px\"><a class=\"wp-block-button__link has-white-color has-text-color has-background\" href=\"https:\/\/agnesl.fr\/meditation\/index.php\/evenement\/seance-dinformtion-8-semaines-pour-la-vie\/\" style=\"border-radius:8px;background-color:#ff5000\" target=\"_blank\" rel=\"noreferrer noopener\"><mark style=\"background-color:rgba(0, 0, 0, 0)\" class=\"has-inline-color has-white-color\">Inscription \u00e0 la s\u00e9ance d&#8217;information<\/mark><\/a><\/div>\n<\/div>\n\n\n\n<p class=\"has-normal-font-size\">Ce dont vous avez besoin pour la session En Ligne : <br> <br>\u2022 Connexion internet stable (un c\u00e2ble ethernet offre une connexion plus stable que le wifi) <br>\u2022 Ordinateur ou tablette (branch\u00e9 sur secteur ou batterie charg\u00e9e) <br>\u2022 Micro (oreillettes ou casque audio permettent de mieux entendre et d\u2019\u00eatre mieux entendu)<br>\u2022 Cam\u00e9ra <br>\u2022 T\u00e9l\u00e9charger<a href=\"https:\/\/zoom.us\" data-type=\"URL\" data-id=\"https:\/\/zoom.us\">&nbsp;Zoom<\/a>&nbsp;sur son ordinateur: c\u2019est gratuit. <br>\u2022 Installer ZOOM :<a href=\"https:\/\/www.youtube.com\/watch?v=JBx8Vw0CU64\" data-type=\"URL\" data-id=\"https:\/\/www.youtube.com\/watch?v=JBx8Vw0CU64\"> TUTO <\/a> <\/p>\n\n\n\n<p class=\"has-normal-font-size\">Et aussi de :<br>\u2022 Pi\u00e8ce o\u00f9 vous pouvez \u00eatre tranquille<br>\u2022 Chaise, coussin, banc de m\u00e9ditation<br>\u2022 Tapis de sol type tapis de yoga<br>\u2022 V\u00eatements confortables<br>\u2022 Plaid ou ch\u00e2le<\/p>\n\n\n\n<div class=\"wp-block-group\"><div class=\"wp-block-group__inner-container is-layout-flow wp-block-group-is-layout-flow\">\n<figure class=\"wp-block-pullquote has-border-color\" style=\"border-color:#ff6900\"><blockquote><p>Excellent programme de mieux \u00eatre bas\u00e9 sur la pleine conscience et la connaissance de soi. La possibilit\u00e9 de le faire en ligne permet une organisation personnelle plus adapt\u00e9e \u00e0 des plannings charg\u00e9s, parfait pour une maman comme moi.<\/p><cite>Val\u00e9rie<\/cite><\/blockquote><\/figure>\n<\/div><\/div>\n","protected":false},"excerpt":{"rendered":"<p>Ce programme s\u2019adresse aux personnes qui souhaitent suivre le programme avec d\u2019autres ou en s\u00e9ances individuelles, mais ne peuvent y participer en pr\u00e9sentiel, quelles qu&#8217; en soient les raisons. L\u2019int\u00e9gralit\u00e9 &hellip; <\/p>\n","protected":false},"author":1,"featured_media":0,"parent":955,"menu_order":0,"comment_status":"closed","ping_status":"closed","template":"","meta":{"_price":"","_stock":"","_tribe_ticket_header":"","_tribe_default_ticket_provider":"","_tribe_ticket_capacity":"0","_ticket_start_date":"","_ticket_end_date":"","_tribe_ticket_show_description":"","_tribe_ticket_show_not_going":false,"_tribe_ticket_use_global_stock":"","_tribe_ticket_global_stock_level":"","_global_stock_mode":"","_global_stock_cap":"","_tribe_rsvp_for_event":"","_tribe_ticket_going_count":"","_tribe_ticket_not_going_count":"","_tribe_tickets_list":"[]","_tribe_ticket_has_attendee_info_fields":false,"_EventAllDay":false,"_EventTimezone":"","_EventStartDate":"","_EventEndDate":"","_EventStartDateUTC":"","_EventEndDateUTC":"","_EventShowMap":false,"_EventShowMapLink":false,"_EventURL":"","_EventCost":"","_EventCostDescription":"","_EventCurrencySymbol":"","_EventCurrencyCode":"","_EventCurrencyPosition":"","_EventDateTimeSeparator":"","_EventTimeRangeSeparator":"","_EventOrganizerID":[],"_EventVenueID":[],"_OrganizerEmail":"","_OrganizerPhone":"","_OrganizerWebsite":"","_VenueAddress":"","_VenueCity":"","_VenueCountry":"","_VenueProvince":"","_VenueState":"","_VenueZip":"","_VenuePhone":"","_VenueURL":"","_VenueStateProvince":"","_VenueLat":"","_VenueLng":"","_VenueShowMap":false,"_VenueShowMapLink":false,"footnotes":"","_tec_slr_enabled":"","_tec_slr_layout":""},"ticketed":false,"_links":{"self":[{"href":"https:\/\/agnesl.fr\/meditation\/wp-json\/wp\/v2\/pages\/171"}],"collection":[{"href":"https:\/\/agnesl.fr\/meditation\/wp-json\/wp\/v2\/pages"}],"about":[{"href":"https:\/\/agnesl.fr\/meditation\/wp-json\/wp\/v2\/types\/page"}],"author":[{"embeddable":true,"href":"https:\/\/agnesl.fr\/meditation\/wp-json\/wp\/v2\/users\/1"}],"replies":[{"embeddable":true,"href":"https:\/\/agnesl.fr\/meditation\/wp-json\/wp\/v2\/comments?post=171"}],"version-history":[{"count":52,"href":"https:\/\/agnesl.fr\/meditation\/wp-json\/wp\/v2\/pages\/171\/revisions"}],"predecessor-version":[{"id":1899,"href":"https:\/\/agnesl.fr\/meditation\/wp-json\/wp\/v2\/pages\/171\/revisions\/1899"}],"up":[{"embeddable":true,"href":"https:\/\/agnesl.fr\/meditation\/wp-json\/wp\/v2\/pages\/955"}],"wp:attachment":[{"href":"https:\/\/agnesl.fr\/meditation\/wp-json\/wp\/v2\/media?parent=171"}],"curies":[{"name":"wp","href":"https:\/\/api.w.org\/{rel}","templated":true}]}}